{"id":831,"date":"2023-08-15T18:03:41","date_gmt":"2023-08-15T16:03:41","guid":{"rendered":"https:\/\/theraline.de\/?page_id=831"},"modified":"2025-03-25T15:22:47","modified_gmt":"2025-03-25T14:22:47","slug":"theraline","status":"publish","type":"page","link":"https:\/\/theraline.fr\/de\/theraline.htm","title":{"rendered":"\u00dcber THERALINE"},"content":{"rendered":"<div data-elementor-type=\"wp-page\" data-elementor-id=\"831\" class=\"elementor elementor-831\" data-elementor-post-type=\"page\">\n\t\t\t\t\t\t<section class=\"elementor-section elementor-top-section elementor-element elementor-element-16ecbe0f ct-section-stretched elementor-section-full_width elementor-section-height-min-height elementor-section-items-top elementor-section-height-default\" data-id=\"16ecbe0f\" data-element_type=\"section\" data-settings=\"{&quot;jet_parallax_layout_list&quot;:[],&quot;background_background&quot;:&quot;classic&quot;}\">\n\t\t\t\t\t\t<div class=\"elementor-container elementor-column-gap-wide\">\n\t\t\t\t\t<div class=\"elementor-column elementor-col-50 elementor-top-column elementor-element elementor-element-316c3830\" data-id=\"316c3830\" data-element_type=\"column\">\n\t\t\t<div class=\"elementor-widget-wrap\">\n\t\t\t\t\t\t\t<\/div>\n\t\t<\/div>\n\t\t\t\t<div class=\"elementor-column elementor-col-50 elementor-top-column elementor-element elementor-element-47d48b72\" data-id=\"47d48b72\" data-element_type=\"column\">\n\t\t\t<div class=\"elementor-widget-wrap\">\n\t\t\t\t\t\t\t<\/div>\n\t\t<\/div>\n\t\t\t\t\t<\/div>\n\t\t<\/section>\n\t\t\t\t<section class=\"elementor-section elementor-top-section elementor-element elementor-element-aa0be93 elementor-section-boxed elementor-section-height-default elementor-section-height-default\" data-id=\"aa0be93\" data-element_type=\"section\" data-settings=\"{&quot;jet_parallax_layout_list&quot;:[]}\">\n\t\t\t\t\t\t<div class=\"elementor-container elementor-column-gap-default\">\n\t\t\t\t\t<div class=\"elementor-column elementor-col-100 elementor-top-column elementor-element elementor-element-6ee01fd\" data-id=\"6ee01fd\" data-element_type=\"column\">\n\t\t\t<div class=\"elementor-widget-wrap elementor-element-populated\">\n\t\t\t\t\t\t<div class=\"elementor-element elementor-element-d994680 elementor-widget elementor-widget-heading\" data-id=\"d994680\" data-element_type=\"widget\" data-widget_type=\"heading.default\">\n\t\t\t\t<div class=\"elementor-widget-container\">\n\t\t\t\t\t<h1 class=\"elementor-heading-title elementor-size-default\">\u00dcber Theraline<\/h1>\t\t\t\t<\/div>\n\t\t\t\t<\/div>\n\t\t\t\t\t<\/div>\n\t\t<\/div>\n\t\t\t\t\t<\/div>\n\t\t<\/section>\n\t\t\t\t<section class=\"elementor-section elementor-top-section elementor-element elementor-element-a221733 elementor-section-boxed elementor-section-height-default elementor-section-height-default\" data-id=\"a221733\" data-element_type=\"section\" data-settings=\"{&quot;jet_parallax_layout_list&quot;:[]}\">\n\t\t\t\t\t\t<div class=\"elementor-container elementor-column-gap-default\">\n\t\t\t\t\t<div class=\"elementor-column elementor-col-100 elementor-top-column elementor-element elementor-element-e02e453\" data-id=\"e02e453\" data-element_type=\"column\">\n\t\t\t<div class=\"elementor-widget-wrap elementor-element-populated\">\n\t\t\t\t\t\t<div class=\"elementor-element elementor-element-f84e5ca elementor-widget elementor-widget-heading\" data-id=\"f84e5ca\" data-element_type=\"widget\" data-widget_type=\"heading.default\">\n\t\t\t\t<div class=\"elementor-widget-container\">\n\t\t\t\t\t<h2 class=\"elementor-heading-title elementor-size-default\">Europ\u00e4ischer Marktf\u00fchrer f\u00fcr Stillkissen und Experte f\u00fcr Gesundheitskissen<\/h2>\t\t\t\t<\/div>\n\t\t\t\t<\/div>\n\t\t\t\t\t<\/div>\n\t\t<\/div>\n\t\t\t\t\t<\/div>\n\t\t<\/section>\n\t\t\t\t<section class=\"elementor-section elementor-top-section elementor-element elementor-element-24a942d ct-section-stretched elementor-section-boxed elementor-section-height-default elementor-section-height-default\" data-id=\"24a942d\" data-element_type=\"section\" data-settings=\"{&quot;jet_parallax_layout_list&quot;:[],&quot;background_background&quot;:&quot;classic&quot;}\">\n\t\t\t\t\t\t<div class=\"elementor-container elementor-column-gap-wide\">\n\t\t\t\t\t<div class=\"elementor-column elementor-col-100 elementor-top-column elementor-element elementor-element-3a982009\" data-id=\"3a982009\" data-element_type=\"column\">\n\t\t\t<div class=\"elementor-widget-wrap elementor-element-populated\">\n\t\t\t\t\t\t<div class=\"elementor-element elementor-element-5cadaf32 elementor-widget elementor-widget-text-editor\" data-id=\"5cadaf32\" data-element_type=\"widget\" data-widget_type=\"text-editor.default\">\n\t\t\t\t<div class=\"elementor-widget-container\">\n\t\t\t\t\t\t\t\t\t<section><div><section><div><div><div><p><span style=\"font-family: inherit; font-size: inherit; font-style: inherit; font-variant-ligatures: inherit; font-variant-caps: inherit; font-weight: inherit; color: var(--theme-text-color); letter-spacing: var(--theme-letter-spacing); text-transform: var(--theme-text-transform);\">Seit nunmehr 30 Jahren entwickeln wir gesundheitsf\u00f6rdernde, schadstofffreie Qualit\u00e4tsprodukte f\u00fcr Schwangerschaft &amp; Stillzeit, Schlaf, Entspannung und Therapie.<\/span><\/p><p>Was 1993 ganz klein mit 2 N\u00e4hmaschinen und einer Anlage in einem Kellerraum begann, nahm bald kr\u00e4ftig Schwung auf und wurde zu einer echten Erfolgsgeschichte: Heute ist Theraline europ\u00e4ischer Marktf\u00fchrer f\u00fcr Still- und Schwangerschaftskissen.<\/p><p>Unsere Produkte sind bis ins kleinste Detail durchdacht und wir h\u00f6ren nie auf, nach der perfekten L\u00f6sung zu suchen. Herausragende\u00a0<a href=\"https:\/\/theraline.fr\/de\/stillkissen.htm\/\" target=\"_blank\" rel=\"noopener\">Stillkissenvielfalt<\/a>, atemdurchl\u00e4ssige\u00a0<a href=\"https:\/\/theraline.fr\/de\/babykopfkissen-groesse1.htm\/\" target=\"_blank\" rel=\"noopener\">Babykopfkissen<\/a>, Silikon-<a href=\"https:\/\/theraline.fr\/de\/mammapads.htm\/\" target=\"_blank\" rel=\"noopener\">Stilleinlagen<\/a>, ergonomische\u00a0<a href=\"https:\/\/theraline.fr\/de\/schlafkissen-kopfkissen.htm\/\" target=\"_blank\" rel=\"noopener\">Kopfkissen<\/a>\u00a0sowie eine breite Auswahl an Schlaf- oder Lagerungskissen: Die Theraline-Produktwelt ist unverwechselbar und attraktiv &#8211; nicht nur in Schwangerschaft und Stillzeit. F\u00fcr deine Gesundheit und Sicherheit geben wir alles.<\/p><p>Aus F\u00fcrsorge f\u00fcr Babys waren unsere Kissenf\u00fcllungen von der ersten Stunde an schadstofffrei und geruchsneutral. Stillkissen aus der Theraline-Kollektion wurden in der Vergangenheit mehrfach mit einem \u201eSehr Gut\u201c des Magazins \u00d6kotest ausgezeichnet und wurden schon 1998 mit dem Toxproof-Label des T\u00dcV Rheinland zertifiziert. \u00a0Seit Ende Juli 2021 wird nun das T\u00dcV Rheinland Pr\u00fcfsiegel durch das OEKO-TEX STANDARD 100 Siegel des Hohenstein Instituts ersetzt. Das bekannte Siegel gibt dir die Sicherheit, in unserem Baby- und Bettensortiment ein garantiert gesundheitsvertr\u00e4gliches Produkt zu erwerben.<\/p><p>Wir freuen uns, dich und deine Lieben auch in Zukunft mit sch\u00f6nen, sicheren und n\u00fctzlichen Produkten von Theraline in Schwangerschaft und Stillzeit zu begleiten oder dir Halt und Entspannung zu schenken.<\/p><p>Und dabei vergessen wir nicht, auch unsere Umwelt gut zu behandeln und arbeiten stets daran, unsere Produkte so\u00a0<a href=\"https:\/\/theraline.fr\/de\/nachhaltigkeit.htm\/\">nachhaltig<\/a> wie m\u00f6glich herzustellen und bis zu dir nach Hause zu bringen. Erfahre jetzt noch mehr \u00fcber\u00a0<a href=\"https:\/\/theraline.fr\/de\/nachhaltigkeit.htm\/\" target=\"_blank\" rel=\"noopener\">Nachhaltigkeit bei Theraline<\/a>.<\/p><\/div><\/div><\/div><\/section><\/div><\/section>\t\t\t\t\t\t\t\t<\/div>\n\t\t\t\t<\/div>\n\t\t\t\t\t<\/div>\n\t\t<\/div>\n\t\t\t\t\t<\/div>\n\t\t<\/section>\n\t\t\t\t<section class=\"elementor-section elementor-top-section elementor-element elementor-element-518dfb06 ct-section-stretched elementor-section-boxed elementor-section-height-default elementor-section-height-default\" data-id=\"518dfb06\" data-element_type=\"section\" data-settings=\"{&quot;jet_parallax_layout_list&quot;:[],&quot;background_background&quot;:&quot;classic&quot;}\">\n\t\t\t\t\t\t<div class=\"elementor-container elementor-column-gap-default\">\n\t\t\t\t\t<div class=\"elementor-column elementor-col-100 elementor-top-column elementor-element elementor-element-73dbbd22\" data-id=\"73dbbd22\" data-element_type=\"column\">\n\t\t\t<div class=\"elementor-widget-wrap elementor-element-populated\">\n\t\t\t\t\t\t<div class=\"elementor-element elementor-element-5d08baa1 elementor-widget elementor-widget-heading\" data-id=\"5d08baa1\" data-element_type=\"widget\" data-widget_type=\"heading.default\">\n\t\t\t\t<div class=\"elementor-widget-container\">\n\t\t\t\t\t<h4 class=\"elementor-heading-title elementor-size-default\">WIR GEBEN LEBEN HALT<\/h4>\t\t\t\t<\/div>\n\t\t\t\t<\/div>\n\t\t\t\t<div class=\"elementor-element elementor-element-1a64a13d elementor-widget elementor-widget-text-editor\" data-id=\"1a64a13d\" data-element_type=\"widget\" data-widget_type=\"text-editor.default\">\n\t\t\t\t<div class=\"elementor-widget-container\">\n\t\t\t\t\t\t\t\t\t<p>Wenn du unsere Perlenkissen einmal ausprobierst, sp\u00fcrst du eines sofort: sie geben dir oder deinen Lieben Halt, wie kein anderes Kissen. Dabei kommen unsere kleinen Theraline-\u201eHelden\u201c ganz gro\u00df raus: unsere sandfeinen, fl\u00fcsterleisen perlen. Egal ob gro\u00df oder klein, schwanger oder stillend oder ob du unsere Kissen einfach nur zum Schlafen nimmst, die Theraline-Kissen formen sich dank der frei flie\u00dfenden, schadstofffreien Perlen immer optimal an und geben im Leben Halt \u2013 genauso, wie du es brauchst.<\/p>\t\t\t\t\t\t\t\t<\/div>\n\t\t\t\t<\/div>\n\t\t\t\t\t<\/div>\n\t\t<\/div>\n\t\t\t\t\t<\/div>\n\t\t<\/section>\n\t\t\t\t<\/div>","protected":false},"excerpt":{"rendered":"<p>\u00dcber Theraline Europ\u00e4ischer Marktf\u00fchrer f\u00fcr Stillkissen und Experte f\u00fcr Gesundheitskissen Seit nunmehr 30 Jahren entwickeln wir gesundheitsf\u00f6rdernde, schadstofffreie Qualit\u00e4tsprodukte f\u00fcr Schwangerschaft &amp; Stillzeit, Schlaf, Entspannung und Therapie. Was 1993 ganz klein mit 2 N\u00e4hmaschinen und einer Anlage in einem Kellerraum begann, nahm bald kr\u00e4ftig Schwung auf und wurde zu einer echten Erfolgsgeschichte: Heute ist Theraline [&hellip;]<\/p>","protected":false},"author":12,"featured_media":0,"parent":0,"menu_order":0,"comment_status":"closed","ping_status":"closed","template":"","meta":{"footnotes":""},"class_list":["post-831","page","type-page","status-publish","hentry"],"blocksy_meta":{"has_hero_section":"disabled","vertical_spacing_source":"custom","content_area_spacing":"none"},"yoast_head":"<!-- This site is optimized with the Yoast SEO plugin v26.4 - https:\/\/yoast.com\/wordpress\/plugins\/seo\/ -->\n<title>\u00dcber THERALINE - Theraline<\/title>\n<meta name=\"robots\" content=\"index, follow, max-snippet:-1, max-image-preview:large, max-video-preview:-1\" \/>\n<link rel=\"canonical\" href=\"https:\/\/theraline.de\/theraline.htm\" \/>\n<meta property=\"og:locale\" content=\"de_DE\" \/>\n<meta property=\"og:type\" content=\"article\" \/>\n<meta property=\"og:title\" content=\"\u00dcber THERALINE - Theraline\" \/>\n<meta property=\"og:description\" content=\"\u00dcber Theraline Europ\u00e4ischer Marktf\u00fchrer f\u00fcr Stillkissen und Experte f\u00fcr Gesundheitskissen Seit nunmehr 30 Jahren entwickeln wir gesundheitsf\u00f6rdernde, schadstofffreie Qualit\u00e4tsprodukte f\u00fcr Schwangerschaft &amp; Stillzeit, Schlaf, Entspannung und Therapie. Was 1993 ganz klein mit 2 N\u00e4hmaschinen und einer Anlage in einem Kellerraum begann, nahm bald kr\u00e4ftig Schwung auf und wurde zu einer echten Erfolgsgeschichte: Heute ist Theraline [&hellip;]\" \/>\n<meta property=\"og:url\" content=\"https:\/\/theraline.de\/theraline.htm\" \/>\n<meta property=\"og:site_name\" content=\"Theraline\" \/>\n<meta property=\"article:publisher\" content=\"https:\/\/www.facebook.com\/theraline.de\/\" \/>\n<meta property=\"article:modified_time\" content=\"2025-03-25T14:22:47+00:00\" \/>\n<meta property=\"og:image\" content=\"https:\/\/theraline.fr\/wp-content\/uploads\/2023\/08\/theraline-logo.png\" \/>\n\t<meta property=\"og:image:width\" content=\"985\" \/>\n\t<meta property=\"og:image:height\" content=\"256\" \/>\n\t<meta property=\"og:image:type\" content=\"image\/png\" \/>\n<meta name=\"twitter:card\" content=\"summary_large_image\" \/>\n<meta name=\"twitter:label1\" content=\"Gesch\u00e4tzte Lesezeit\" \/>\n\t<meta name=\"twitter:data1\" content=\"2\u00a0Minuten\" \/>\n<script type=\"application\/ld+json\" class=\"yoast-schema-graph\">{\"@context\":\"https:\/\/schema.org\",\"@graph\":[{\"@type\":\"WebPage\",\"@id\":\"https:\/\/theraline.de\/theraline.htm\",\"url\":\"https:\/\/theraline.de\/theraline.htm\",\"name\":\"\u00dcber THERALINE - Theraline\",\"isPartOf\":{\"@id\":\"https:\/\/theraline.fr\/#website\"},\"datePublished\":\"2023-08-15T16:03:41+00:00\",\"dateModified\":\"2025-03-25T14:22:47+00:00\",\"breadcrumb\":{\"@id\":\"https:\/\/theraline.de\/theraline.htm#breadcrumb\"},\"inLanguage\":\"de\",\"potentialAction\":[{\"@type\":\"ReadAction\",\"target\":[\"https:\/\/theraline.de\/theraline.htm\"]}]},{\"@type\":\"BreadcrumbList\",\"@id\":\"https:\/\/theraline.de\/theraline.htm#breadcrumb\",\"itemListElement\":[{\"@type\":\"ListItem\",\"position\":1,\"name\":\"Home\",\"item\":\"https:\/\/theraline.fr\/\"},{\"@type\":\"ListItem\",\"position\":2,\"name\":\"\u00dcber THERALINE\"}]},{\"@type\":\"WebSite\",\"@id\":\"https:\/\/theraline.fr\/#website\",\"url\":\"https:\/\/theraline.fr\/\",\"name\":\"Theraline\",\"description\":\"Wir geben leben Halt\",\"publisher\":{\"@id\":\"https:\/\/theraline.fr\/#organization\"},\"potentialAction\":[{\"@type\":\"SearchAction\",\"target\":{\"@type\":\"EntryPoint\",\"urlTemplate\":\"https:\/\/theraline.fr\/?s={search_term_string}\"},\"query-input\":{\"@type\":\"PropertyValueSpecification\",\"valueRequired\":true,\"valueName\":\"search_term_string\"}}],\"inLanguage\":\"de\"},{\"@type\":\"Organization\",\"@id\":\"https:\/\/theraline.fr\/#organization\",\"name\":\"Theraline\",\"url\":\"https:\/\/theraline.fr\/\",\"logo\":{\"@type\":\"ImageObject\",\"inLanguage\":\"de\",\"@id\":\"https:\/\/theraline.fr\/#\/schema\/logo\/image\/\",\"url\":\"https:\/\/theraline.fr\/wp-content\/uploads\/2023\/08\/theraline-logo.png\",\"contentUrl\":\"https:\/\/theraline.fr\/wp-content\/uploads\/2023\/08\/theraline-logo.png\",\"width\":985,\"height\":256,\"caption\":\"Theraline\"},\"image\":{\"@id\":\"https:\/\/theraline.fr\/#\/schema\/logo\/image\/\"},\"sameAs\":[\"https:\/\/www.facebook.com\/theraline.de\/\",\"https:\/\/vimeo.com\/theraline\",\"https:\/\/www.instagram.com\/theraline.de\"]}]}<\/script>\n<!-- \/ Yoast SEO plugin. -->","yoast_head_json":{"title":"\u00dcber THERALINE - Theraline","robots":{"index":"index","follow":"follow","max-snippet":"max-snippet:-1","max-image-preview":"max-image-preview:large","max-video-preview":"max-video-preview:-1"},"canonical":"https:\/\/theraline.de\/theraline.htm","og_locale":"de_DE","og_type":"article","og_title":"\u00dcber THERALINE - Theraline","og_description":"\u00dcber Theraline Europ\u00e4ischer Marktf\u00fchrer f\u00fcr Stillkissen und Experte f\u00fcr Gesundheitskissen Seit nunmehr 30 Jahren entwickeln wir gesundheitsf\u00f6rdernde, schadstofffreie Qualit\u00e4tsprodukte f\u00fcr Schwangerschaft &amp; Stillzeit, Schlaf, Entspannung und Therapie. Was 1993 ganz klein mit 2 N\u00e4hmaschinen und einer Anlage in einem Kellerraum begann, nahm bald kr\u00e4ftig Schwung auf und wurde zu einer echten Erfolgsgeschichte: Heute ist Theraline [&hellip;]","og_url":"https:\/\/theraline.de\/theraline.htm","og_site_name":"Theraline","article_publisher":"https:\/\/www.facebook.com\/theraline.de\/","article_modified_time":"2025-03-25T14:22:47+00:00","og_image":[{"width":985,"height":256,"url":"https:\/\/theraline.fr\/wp-content\/uploads\/2023\/08\/theraline-logo.png","type":"image\/png"}],"twitter_card":"summary_large_image","twitter_misc":{"Gesch\u00e4tzte Lesezeit":"2\u00a0Minuten"},"schema":{"@context":"https:\/\/schema.org","@graph":[{"@type":"WebPage","@id":"https:\/\/theraline.de\/theraline.htm","url":"https:\/\/theraline.de\/theraline.htm","name":"\u00dcber THERALINE - Theraline","isPartOf":{"@id":"https:\/\/theraline.fr\/#website"},"datePublished":"2023-08-15T16:03:41+00:00","dateModified":"2025-03-25T14:22:47+00:00","breadcrumb":{"@id":"https:\/\/theraline.de\/theraline.htm#breadcrumb"},"inLanguage":"de","potentialAction":[{"@type":"ReadAction","target":["https:\/\/theraline.de\/theraline.htm"]}]},{"@type":"BreadcrumbList","@id":"https:\/\/theraline.de\/theraline.htm#breadcrumb","itemListElement":[{"@type":"ListItem","position":1,"name":"Home","item":"https:\/\/theraline.fr\/"},{"@type":"ListItem","position":2,"name":"\u00dcber THERALINE"}]},{"@type":"WebSite","@id":"https:\/\/theraline.fr\/#website","url":"https:\/\/theraline.fr\/","name":"Theraline","description":"Wir geben leben Halt","publisher":{"@id":"https:\/\/theraline.fr\/#organization"},"potentialAction":[{"@type":"SearchAction","target":{"@type":"EntryPoint","urlTemplate":"https:\/\/theraline.fr\/?s={search_term_string}"},"query-input":{"@type":"PropertyValueSpecification","valueRequired":true,"valueName":"search_term_string"}}],"inLanguage":"de"},{"@type":"Organization","@id":"https:\/\/theraline.fr\/#organization","name":"Theraline","url":"https:\/\/theraline.fr\/","logo":{"@type":"ImageObject","inLanguage":"de","@id":"https:\/\/theraline.fr\/#\/schema\/logo\/image\/","url":"https:\/\/theraline.fr\/wp-content\/uploads\/2023\/08\/theraline-logo.png","contentUrl":"https:\/\/theraline.fr\/wp-content\/uploads\/2023\/08\/theraline-logo.png","width":985,"height":256,"caption":"Theraline"},"image":{"@id":"https:\/\/theraline.fr\/#\/schema\/logo\/image\/"},"sameAs":["https:\/\/www.facebook.com\/theraline.de\/","https:\/\/vimeo.com\/theraline","https:\/\/www.instagram.com\/theraline.de"]}]}},"_links":{"self":[{"href":"https:\/\/theraline.fr\/de\/wp-json\/wp\/v2\/pages\/831","targetHints":{"allow":["GET"]}}],"collection":[{"href":"https:\/\/theraline.fr\/de\/wp-json\/wp\/v2\/pages"}],"about":[{"href":"https:\/\/theraline.fr\/de\/wp-json\/wp\/v2\/types\/page"}],"author":[{"embeddable":true,"href":"https:\/\/theraline.fr\/de\/wp-json\/wp\/v2\/users\/12"}],"replies":[{"embeddable":true,"href":"https:\/\/theraline.fr\/de\/wp-json\/wp\/v2\/comments?post=831"}],"version-history":[{"count":39,"href":"https:\/\/theraline.fr\/de\/wp-json\/wp\/v2\/pages\/831\/revisions"}],"predecessor-version":[{"id":10012,"href":"https:\/\/theraline.fr\/de\/wp-json\/wp\/v2\/pages\/831\/revisions\/10012"}],"wp:attachment":[{"href":"https:\/\/theraline.fr\/de\/wp-json\/wp\/v2\/media?parent=831"}],"curies":[{"name":"wp","href":"https:\/\/api.w.org\/{rel}","templated":true}]}}