{"id":848,"date":"2023-08-15T18:07:03","date_gmt":"2023-08-15T16:07:03","guid":{"rendered":"https:\/\/theraline.de\/?page_id=848"},"modified":"2025-03-25T15:59:54","modified_gmt":"2025-03-25T14:59:54","slug":"kontakt","status":"publish","type":"page","link":"https:\/\/theraline.fr\/de\/kontakt.htm","title":{"rendered":"Kontakt &#038; Impressum"},"content":{"rendered":"<div data-elementor-type=\"wp-page\" data-elementor-id=\"848\" class=\"elementor elementor-848\" data-elementor-post-type=\"page\">\n\t\t\t\t\t\t<section class=\"elementor-section elementor-top-section elementor-element elementor-element-12a64a57 ct-section-stretched elementor-section-full_width elementor-section-height-min-height elementor-section-items-top elementor-section-height-default\" data-id=\"12a64a57\" data-element_type=\"section\" data-settings=\"{&quot;jet_parallax_layout_list&quot;:[],&quot;background_background&quot;:&quot;classic&quot;}\">\n\t\t\t\t\t\t<div class=\"elementor-container elementor-column-gap-wide\">\n\t\t\t\t\t<div class=\"elementor-column elementor-col-50 elementor-top-column elementor-element elementor-element-3c6b386e\" data-id=\"3c6b386e\" data-element_type=\"column\">\n\t\t\t<div class=\"elementor-widget-wrap\">\n\t\t\t\t\t\t\t<\/div>\n\t\t<\/div>\n\t\t\t\t<div class=\"elementor-column elementor-col-50 elementor-top-column elementor-element elementor-element-22516c83\" data-id=\"22516c83\" data-element_type=\"column\">\n\t\t\t<div class=\"elementor-widget-wrap\">\n\t\t\t\t\t\t\t<\/div>\n\t\t<\/div>\n\t\t\t\t\t<\/div>\n\t\t<\/section>\n\t\t\t\t<section class=\"elementor-section elementor-top-section elementor-element elementor-element-5b276e7 elementor-section-boxed elementor-section-height-default elementor-section-height-default\" data-id=\"5b276e7\" data-element_type=\"section\" data-settings=\"{&quot;jet_parallax_layout_list&quot;:[]}\">\n\t\t\t\t\t\t<div class=\"elementor-container elementor-column-gap-default\">\n\t\t\t\t\t<div class=\"elementor-column elementor-col-100 elementor-top-column elementor-element elementor-element-b436e51\" data-id=\"b436e51\" data-element_type=\"column\">\n\t\t\t<div class=\"elementor-widget-wrap elementor-element-populated\">\n\t\t\t\t\t\t<div class=\"elementor-element elementor-element-90e3d3a elementor-widget elementor-widget-heading\" data-id=\"90e3d3a\" data-element_type=\"widget\" data-widget_type=\"heading.default\">\n\t\t\t\t<div class=\"elementor-widget-container\">\n\t\t\t\t\t<h1 class=\"elementor-heading-title elementor-size-default\">Kontakt &amp; Impressum<\/h1>\t\t\t\t<\/div>\n\t\t\t\t<\/div>\n\t\t\t\t\t<\/div>\n\t\t<\/div>\n\t\t\t\t\t<\/div>\n\t\t<\/section>\n\t\t\t\t<section class=\"elementor-section elementor-top-section elementor-element elementor-element-359b7d5 elementor-section-boxed elementor-section-height-default elementor-section-height-default\" data-id=\"359b7d5\" data-element_type=\"section\" data-settings=\"{&quot;jet_parallax_layout_list&quot;:[]}\">\n\t\t\t\t\t\t<div class=\"elementor-container elementor-column-gap-default\">\n\t\t\t\t\t<div class=\"elementor-column elementor-col-100 elementor-top-column elementor-element elementor-element-ac70481\" data-id=\"ac70481\" data-element_type=\"column\">\n\t\t\t<div class=\"elementor-widget-wrap elementor-element-populated\">\n\t\t\t\t\t\t<div class=\"elementor-element elementor-element-5f386e6 elementor-widget elementor-widget-text-editor\" data-id=\"5f386e6\" data-element_type=\"widget\" data-widget_type=\"text-editor.default\">\n\t\t\t\t<div class=\"elementor-widget-container\">\n\t\t\t\t\t\t\t\t\t<p>Wir sind telefonisch f\u00fcr dich erreichbar:<br \/>Montag bis Donnerstag von 8:00 Uhr bis 17:00 Uhr<br \/>Freitag von 8:00 Uhr bis 16:00 Uhr<\/p><p>Tel: +49 (0)2683 9696-0<br \/>Fax: +49 (0)2683 9696-78<\/p><p>Mail: <a href=\"mailto:info@theraline.de\">info@theraline.de<\/a><\/p><p>THERALINE e.K.<br \/>Industriepark Nord 56<br \/>D-53567 Buchholz Ww.<br \/>HRA 21073 &#8211; Amtsgericht Montabaur<\/p><p>Verantwortlich f\u00fcr den Inhalt nach \u00a75 TMG (Telemediengesetz):<br \/>Oliver Saul<\/p><p>Ust-ID: DE161546793<\/p><p>Verwendung von Bildern auf dieser Website:<br \/>Nutzungsrechte aller Bilder bei der Firma Theraline, au\u00dfer \u00a9corbis_fancy-Fotolia.com (Bild), \u00a9gekaskr-Fotolia.com (Bild)<\/p><p><a href=\"mailto:cromberg@theraline.de\">cromberg@theraline.de<\/a><\/p><p><a href=\"https:\/\/theraline.fr\/de\/disclaimer.htm\/\">\u00bb Haftungsausschluss<\/a><\/p>\t\t\t\t\t\t\t\t<\/div>\n\t\t\t\t<\/div>\n\t\t\t\t\t<\/div>\n\t\t<\/div>\n\t\t\t\t\t<\/div>\n\t\t<\/section>\n\t\t\t\t<section class=\"elementor-section elementor-top-section elementor-element elementor-element-769f0cc3 ct-section-stretched elementor-section-boxed elementor-section-height-default elementor-section-height-default\" data-id=\"769f0cc3\" data-element_type=\"section\" data-settings=\"{&quot;jet_parallax_layout_list&quot;:[],&quot;background_background&quot;:&quot;classic&quot;}\">\n\t\t\t\t\t\t<div class=\"elementor-container elementor-column-gap-default\">\n\t\t\t\t\t<div class=\"elementor-column elementor-col-100 elementor-top-column elementor-element elementor-element-3a983edf\" data-id=\"3a983edf\" data-element_type=\"column\">\n\t\t\t<div class=\"elementor-widget-wrap elementor-element-populated\">\n\t\t\t\t\t\t<div class=\"elementor-element elementor-element-5de9b34a elementor-widget elementor-widget-heading\" data-id=\"5de9b34a\" data-element_type=\"widget\" data-widget_type=\"heading.default\">\n\t\t\t\t<div class=\"elementor-widget-container\">\n\t\t\t\t\t<h4 class=\"elementor-heading-title elementor-size-default\">WIR GEBEN LEBEN HALT<\/h4>\t\t\t\t<\/div>\n\t\t\t\t<\/div>\n\t\t\t\t<div class=\"elementor-element elementor-element-2fec63f3 elementor-widget elementor-widget-text-editor\" data-id=\"2fec63f3\" data-element_type=\"widget\" data-widget_type=\"text-editor.default\">\n\t\t\t\t<div class=\"elementor-widget-container\">\n\t\t\t\t\t\t\t\t\t<p>Wenn du unsere Perlenkissen einmal ausprobierst, sp\u00fcrst du eines sofort: sie geben dir oder deinen Lieben Halt, wie kein anderes Kissen. Dabei kommen unsere kleinen Theraline-\u201eHelden\u201c ganz gro\u00df raus: unsere sandfeinen, fl\u00fcsterleisen Perlen. Egal ob gro\u00df oder klein, schwanger oder stillend oder ob du unsere Kissen einfach nur zum Schlafen nimmst, die Theraline-Kissen formen sich dank der frei flie\u00dfenden, schadstofffreien Perlen immer optimal an und geben im Leben Halt \u2013 genauso, wie du es brauchst.<\/p>\t\t\t\t\t\t\t\t<\/div>\n\t\t\t\t<\/div>\n\t\t\t\t\t<\/div>\n\t\t<\/div>\n\t\t\t\t\t<\/div>\n\t\t<\/section>\n\t\t\t\t<\/div>","protected":false},"excerpt":{"rendered":"<p>Kontakt &amp; Impressum Wir sind telefonisch f\u00fcr dich erreichbar:Montag bis Donnerstag von 8:00 Uhr bis 17:00 UhrFreitag von 8:00 Uhr bis 16:00 Uhr Tel: +49 (0)2683 9696-0Fax: +49 (0)2683 9696-78 Mail: info@theraline.de THERALINE e.K.Industriepark Nord 56D-53567 Buchholz Ww.HRA 21073 &#8211; Amtsgericht Montabaur Verantwortlich f\u00fcr den Inhalt nach \u00a75 TMG (Telemediengesetz):Oliver Saul Ust-ID: DE161546793 Verwendung von [&hellip;]<\/p>","protected":false},"author":12,"featured_media":0,"parent":0,"menu_order":0,"comment_status":"closed","ping_status":"closed","template":"","meta":{"footnotes":""},"class_list":["post-848","page","type-page","status-publish","hentry"],"blocksy_meta":{"has_hero_section":"disabled","vertical_spacing_source":"custom","content_area_spacing":"none"},"yoast_head":"<!-- This site is optimized with the Yoast SEO plugin v26.4 - https:\/\/yoast.com\/wordpress\/plugins\/seo\/ -->\n<title>Kontakt &amp; Impressum - Theraline<\/title>\n<meta name=\"robots\" content=\"index, follow, max-snippet:-1, max-image-preview:large, max-video-preview:-1\" \/>\n<link rel=\"canonical\" href=\"https:\/\/theraline.com\/kontakt.htm\" \/>\n<meta property=\"og:locale\" content=\"de_DE\" \/>\n<meta property=\"og:type\" content=\"article\" \/>\n<meta property=\"og:title\" content=\"Kontakt &amp; Impressum - Theraline\" \/>\n<meta property=\"og:description\" content=\"Kontakt &amp; Impressum Wir sind telefonisch f\u00fcr dich erreichbar:Montag bis Donnerstag von 8:00 Uhr bis 17:00 UhrFreitag von 8:00 Uhr bis 16:00 Uhr Tel: +49 (0)2683 9696-0Fax: +49 (0)2683 9696-78 Mail: info@theraline.de THERALINE e.K.Industriepark Nord 56D-53567 Buchholz Ww.HRA 21073 &#8211; Amtsgericht Montabaur Verantwortlich f\u00fcr den Inhalt nach \u00a75 TMG (Telemediengesetz):Oliver Saul Ust-ID: DE161546793 Verwendung von [&hellip;]\" \/>\n<meta property=\"og:url\" content=\"https:\/\/theraline.com\/kontakt.htm\" \/>\n<meta property=\"og:site_name\" content=\"Theraline\" \/>\n<meta property=\"article:publisher\" content=\"https:\/\/www.facebook.com\/theraline.de\/\" \/>\n<meta property=\"article:modified_time\" content=\"2025-03-25T14:59:54+00:00\" \/>\n<meta property=\"og:image\" content=\"https:\/\/theraline.fr\/wp-content\/uploads\/2023\/08\/theraline-logo.png\" \/>\n\t<meta property=\"og:image:width\" content=\"985\" \/>\n\t<meta property=\"og:image:height\" content=\"256\" \/>\n\t<meta property=\"og:image:type\" content=\"image\/png\" \/>\n<meta name=\"twitter:card\" content=\"summary_large_image\" \/>\n<meta name=\"twitter:label1\" content=\"Gesch\u00e4tzte Lesezeit\" \/>\n\t<meta name=\"twitter:data1\" content=\"1\u00a0Minute\" \/>\n<script type=\"application\/ld+json\" class=\"yoast-schema-graph\">{\"@context\":\"https:\/\/schema.org\",\"@graph\":[{\"@type\":\"WebPage\",\"@id\":\"https:\/\/theraline.com\/kontakt.htm\",\"url\":\"https:\/\/theraline.com\/kontakt.htm\",\"name\":\"Kontakt & Impressum - Theraline\",\"isPartOf\":{\"@id\":\"https:\/\/theraline.fr\/#website\"},\"datePublished\":\"2023-08-15T16:07:03+00:00\",\"dateModified\":\"2025-03-25T14:59:54+00:00\",\"breadcrumb\":{\"@id\":\"https:\/\/theraline.com\/kontakt.htm#breadcrumb\"},\"inLanguage\":\"de\",\"potentialAction\":[{\"@type\":\"ReadAction\",\"target\":[\"https:\/\/theraline.com\/kontakt.htm\"]}]},{\"@type\":\"BreadcrumbList\",\"@id\":\"https:\/\/theraline.com\/kontakt.htm#breadcrumb\",\"itemListElement\":[{\"@type\":\"ListItem\",\"position\":1,\"name\":\"Home\",\"item\":\"https:\/\/theraline.fr\/\"},{\"@type\":\"ListItem\",\"position\":2,\"name\":\"Kontakt &#038; Impressum\"}]},{\"@type\":\"WebSite\",\"@id\":\"https:\/\/theraline.fr\/#website\",\"url\":\"https:\/\/theraline.fr\/\",\"name\":\"Theraline\",\"description\":\"Wir geben leben Halt\",\"publisher\":{\"@id\":\"https:\/\/theraline.fr\/#organization\"},\"potentialAction\":[{\"@type\":\"SearchAction\",\"target\":{\"@type\":\"EntryPoint\",\"urlTemplate\":\"https:\/\/theraline.fr\/?s={search_term_string}\"},\"query-input\":{\"@type\":\"PropertyValueSpecification\",\"valueRequired\":true,\"valueName\":\"search_term_string\"}}],\"inLanguage\":\"de\"},{\"@type\":\"Organization\",\"@id\":\"https:\/\/theraline.fr\/#organization\",\"name\":\"Theraline\",\"url\":\"https:\/\/theraline.fr\/\",\"logo\":{\"@type\":\"ImageObject\",\"inLanguage\":\"de\",\"@id\":\"https:\/\/theraline.fr\/#\/schema\/logo\/image\/\",\"url\":\"https:\/\/theraline.fr\/wp-content\/uploads\/2023\/08\/theraline-logo.png\",\"contentUrl\":\"https:\/\/theraline.fr\/wp-content\/uploads\/2023\/08\/theraline-logo.png\",\"width\":985,\"height\":256,\"caption\":\"Theraline\"},\"image\":{\"@id\":\"https:\/\/theraline.fr\/#\/schema\/logo\/image\/\"},\"sameAs\":[\"https:\/\/www.facebook.com\/theraline.de\/\",\"https:\/\/vimeo.com\/theraline\",\"https:\/\/www.instagram.com\/theraline.de\"]}]}<\/script>\n<!-- \/ Yoast SEO plugin. -->","yoast_head_json":{"title":"Kontakt & Impressum - Theraline","robots":{"index":"index","follow":"follow","max-snippet":"max-snippet:-1","max-image-preview":"max-image-preview:large","max-video-preview":"max-video-preview:-1"},"canonical":"https:\/\/theraline.com\/kontakt.htm","og_locale":"de_DE","og_type":"article","og_title":"Kontakt & Impressum - Theraline","og_description":"Kontakt &amp; Impressum Wir sind telefonisch f\u00fcr dich erreichbar:Montag bis Donnerstag von 8:00 Uhr bis 17:00 UhrFreitag von 8:00 Uhr bis 16:00 Uhr Tel: +49 (0)2683 9696-0Fax: +49 (0)2683 9696-78 Mail: info@theraline.de THERALINE e.K.Industriepark Nord 56D-53567 Buchholz Ww.HRA 21073 &#8211; Amtsgericht Montabaur Verantwortlich f\u00fcr den Inhalt nach \u00a75 TMG (Telemediengesetz):Oliver Saul Ust-ID: DE161546793 Verwendung von [&hellip;]","og_url":"https:\/\/theraline.com\/kontakt.htm","og_site_name":"Theraline","article_publisher":"https:\/\/www.facebook.com\/theraline.de\/","article_modified_time":"2025-03-25T14:59:54+00:00","og_image":[{"width":985,"height":256,"url":"https:\/\/theraline.fr\/wp-content\/uploads\/2023\/08\/theraline-logo.png","type":"image\/png"}],"twitter_card":"summary_large_image","twitter_misc":{"Gesch\u00e4tzte Lesezeit":"1\u00a0Minute"},"schema":{"@context":"https:\/\/schema.org","@graph":[{"@type":"WebPage","@id":"https:\/\/theraline.com\/kontakt.htm","url":"https:\/\/theraline.com\/kontakt.htm","name":"Kontakt & Impressum - Theraline","isPartOf":{"@id":"https:\/\/theraline.fr\/#website"},"datePublished":"2023-08-15T16:07:03+00:00","dateModified":"2025-03-25T14:59:54+00:00","breadcrumb":{"@id":"https:\/\/theraline.com\/kontakt.htm#breadcrumb"},"inLanguage":"de","potentialAction":[{"@type":"ReadAction","target":["https:\/\/theraline.com\/kontakt.htm"]}]},{"@type":"BreadcrumbList","@id":"https:\/\/theraline.com\/kontakt.htm#breadcrumb","itemListElement":[{"@type":"ListItem","position":1,"name":"Home","item":"https:\/\/theraline.fr\/"},{"@type":"ListItem","position":2,"name":"Kontakt &#038; Impressum"}]},{"@type":"WebSite","@id":"https:\/\/theraline.fr\/#website","url":"https:\/\/theraline.fr\/","name":"Theraline","description":"Wir geben leben Halt","publisher":{"@id":"https:\/\/theraline.fr\/#organization"},"potentialAction":[{"@type":"SearchAction","target":{"@type":"EntryPoint","urlTemplate":"https:\/\/theraline.fr\/?s={search_term_string}"},"query-input":{"@type":"PropertyValueSpecification","valueRequired":true,"valueName":"search_term_string"}}],"inLanguage":"de"},{"@type":"Organization","@id":"https:\/\/theraline.fr\/#organization","name":"Theraline","url":"https:\/\/theraline.fr\/","logo":{"@type":"ImageObject","inLanguage":"de","@id":"https:\/\/theraline.fr\/#\/schema\/logo\/image\/","url":"https:\/\/theraline.fr\/wp-content\/uploads\/2023\/08\/theraline-logo.png","contentUrl":"https:\/\/theraline.fr\/wp-content\/uploads\/2023\/08\/theraline-logo.png","width":985,"height":256,"caption":"Theraline"},"image":{"@id":"https:\/\/theraline.fr\/#\/schema\/logo\/image\/"},"sameAs":["https:\/\/www.facebook.com\/theraline.de\/","https:\/\/vimeo.com\/theraline","https:\/\/www.instagram.com\/theraline.de"]}]}},"_links":{"self":[{"href":"https:\/\/theraline.fr\/de\/wp-json\/wp\/v2\/pages\/848","targetHints":{"allow":["GET"]}}],"collection":[{"href":"https:\/\/theraline.fr\/de\/wp-json\/wp\/v2\/pages"}],"about":[{"href":"https:\/\/theraline.fr\/de\/wp-json\/wp\/v2\/types\/page"}],"author":[{"embeddable":true,"href":"https:\/\/theraline.fr\/de\/wp-json\/wp\/v2\/users\/12"}],"replies":[{"embeddable":true,"href":"https:\/\/theraline.fr\/de\/wp-json\/wp\/v2\/comments?post=848"}],"version-history":[{"count":6,"href":"https:\/\/theraline.fr\/de\/wp-json\/wp\/v2\/pages\/848\/revisions"}],"predecessor-version":[{"id":10024,"href":"https:\/\/theraline.fr\/de\/wp-json\/wp\/v2\/pages\/848\/revisions\/10024"}],"wp:attachment":[{"href":"https:\/\/theraline.fr\/de\/wp-json\/wp\/v2\/media?parent=848"}],"curies":[{"name":"wp","href":"https:\/\/api.w.org\/{rel}","templated":true}]}}